{"id":15869,"date":"2016-09-14T09:04:15","date_gmt":"2016-09-14T07:04:15","guid":{"rendered":"http:\/\/iannytextile.com\/?page_id=15869"},"modified":"2017-09-18T10:05:43","modified_gmt":"2017-09-18T08:05:43","slug":"acquisti","status":"publish","type":"page","link":"https:\/\/iannytextile.com\/it\/acquisti\/","title":{"rendered":"Acquisti"},"content":{"rendered":"<p>[vc_row row_type=&#8221;row&#8221; use_row_as_full_screen_section=&#8221;no&#8221; type=&#8221;full_width&#8221; angled_section=&#8221;no&#8221; text_align=&#8221;left&#8221; background_image_as_pattern=&#8221;without_pattern&#8221; css_animation=&#8221;&#8221;][vc_column width=&#8221;1\/3&#8243;][vc_column_text]<\/p>\n<h2>Modulo Acquisti<\/h2>\n<p>[\/vc_column_text][vc_separator type=&#8221;small&#8221; position=&#8221;left&#8221;][vc_column_text]<\/p>\n<p style=\"text-align: justify;\">Se sei una tessitura, filatura, confezionista, maglificio e hai del tessuto da rimasto che non riesci pi\u00f9 ad utilizzare, siamo disponibili a visionare la merce e dare una nostra valutazione basandoci sulle qualit\u00e0 e quantit\u00e0 proposte, acquistando con pagamento immediato.<\/p>\n<p>[\/vc_column_text][vc_empty_space height=&#8221;25px&#8221;][vc_column_text]<\/p>\n<p style=\"text-align: justify;\">Contattaci per vendere i tuoi tessuti, compilando il form.<\/p>\n<p>[\/vc_column_text][vc_empty_space][\/vc_column][vc_column width=&#8221;2\/3&#8243;]<div role=\"form\" class=\"wpcf7\" id=\"wpcf7-f15704-o1\" lang=\"it-IT\" dir=\"ltr\">\n<div class=\"screen-reader-response\"><\/div>\n<form action=\"\/it\/wp-json\/wp\/v2\/pages\/15869#wpcf7-f15704-o1\" method=\"post\" class=\"wpcf7-form cf7_custom_style_1\" novalidate=\"novalidate\">\n<div style=\"display: none;\">\n<input type=\"hidden\" name=\"_wpcf7\" value=\"15704\" \/>\n<input type=\"hidden\" name=\"_wpcf7_version\" value=\"5.1.1\" \/>\n<input type=\"hidden\" name=\"_wpcf7_locale\" value=\"it_IT\" \/>\n<input type=\"hidden\" name=\"_wpcf7_unit_tag\" value=\"wpcf7-f15704-o1\" \/>\n<input type=\"hidden\" name=\"_wpcf7_container_post\" value=\"0\" \/>\n<input type=\"hidden\" name=\"g-recaptcha-response\" value=\"\" \/>\n<\/div>\n<p><strong><label> Nome Cognome (richiesto)<br \/>\n    <span class=\"wpcf7-form-control-wrap your-name\"><input type=\"text\" name=\"your-name\" value=\"\" size=\"40\" class=\"wpcf7-form-control wpcf7-text wpcf7-validates-as-required\" aria-required=\"true\" aria-invalid=\"false\" \/><\/span> <\/label><br \/>\n&nbsp;<\/p>\n<p><strong><label> Nome Azienda<br \/>\n    <span class=\"wpcf7-form-control-wrap text-522\"><input type=\"text\" name=\"text-522\" value=\"\" size=\"40\" class=\"wpcf7-form-control wpcf7-text wpcf7-validates-as-required\" aria-required=\"true\" aria-invalid=\"false\" \/><\/span><\/label><br \/>\n&nbsp;<\/p>\n<p><strong><label> P.IVA<br \/>\n    <span class=\"wpcf7-form-control-wrap number-730\"><input type=\"number\" name=\"number-730\" value=\"\" class=\"wpcf7-form-control wpcf7-number wpcf7-validates-as-required wpcf7-validates-as-number\" aria-required=\"true\" aria-invalid=\"false\" \/><\/span><\/label><br \/>\n&nbsp;<\/p>\n<p><strong><label> Citt\u00e0<br \/>\n   <span class=\"wpcf7-form-control-wrap text-522\"><input type=\"text\" name=\"text-522\" value=\"\" size=\"40\" class=\"wpcf7-form-control wpcf7-text wpcf7-validates-as-required\" aria-required=\"true\" aria-invalid=\"false\" \/><\/span> <\/label><br \/>\n&nbsp;<\/p>\n<p><strong><label> Email (richiesto)<br \/>\n    <span class=\"wpcf7-form-control-wrap your-email\"><input type=\"email\" name=\"your-email\" value=\"\" size=\"40\" class=\"wpcf7-form-control wpcf7-text wpcf7-email wpcf7-validates-as-required wpcf7-validates-as-email\" aria-required=\"true\" aria-invalid=\"false\" \/><\/span> <\/label><br \/>\n&nbsp;<\/p>\n<p><strong><label> Telefono (richiesto)<br \/>\n    <span class=\"wpcf7-form-control-wrap tel-782\"><input type=\"tel\" name=\"tel-782\" value=\"\" size=\"40\" class=\"wpcf7-form-control wpcf7-text wpcf7-tel wpcf7-validates-as-required wpcf7-validates-as-tel\" aria-required=\"true\" aria-invalid=\"false\" \/><\/span> <\/label><br \/>\n&nbsp;<\/p>\n<p><strong><label> Che tipologia di merce vuoi vendere? (richiesto) <\/label><br \/>\n <span class=\"wpcf7-form-control-wrap checkbox-340\"><span class=\"wpcf7-form-control wpcf7-checkbox wpcf7-validates-as-required\"><span class=\"wpcf7-list-item first\"><input type=\"checkbox\" name=\"checkbox-340[]\" value=\"Tessuti\" \/><span class=\"wpcf7-list-item-label\">Tessuti<\/span><\/span><span class=\"wpcf7-list-item\"><input type=\"checkbox\" name=\"checkbox-340[]\" value=\"Filati\" \/><span class=\"wpcf7-list-item-label\">Filati<\/span><\/span><span class=\"wpcf7-list-item last\"><input type=\"checkbox\" name=\"checkbox-340[]\" value=\"Entrambi\" \/><span class=\"wpcf7-list-item-label\">Entrambi<\/span><\/span><\/span><\/span><br \/>\n&nbsp;<\/p>\n<p><strong><label> Informazioni aggiuntive:<br \/>\n    <span class=\"wpcf7-form-control-wrap your-message\"><textarea name=\"your-message\" cols=\"40\" rows=\"10\" class=\"wpcf7-form-control wpcf7-textarea\" aria-invalid=\"false\">Mt o Kg disponibili, prezzo, etc etc...<\/textarea><\/span> <\/label><br \/>\n&nbsp;<br \/>\n<span class=\"wpcf7-form-control-wrap acceptance-239\"><span class=\"wpcf7-form-control wpcf7-acceptance\"><span class=\"wpcf7-list-item\"><input type=\"checkbox\" name=\"acceptance-239\" value=\"1\" aria-invalid=\"false\" \/><\/span><\/span><\/span> Ho letto ed accetto l'informativa sulla <a href=\"https:\/\/www.iannytextile.com\/privacy-policy\/\">Privacy<\/a><\/p>\n<p><input type=\"submit\" value=\"Invia il tuo messaggio\" class=\"wpcf7-form-control wpcf7-submit\" \/><\/p>\n<div class=\"wpcf7-response-output wpcf7-display-none\"><\/div><\/form><\/div>[\/vc_column][\/vc_row][vc_row row_type=&#8221;row&#8221; use_row_as_full_screen_section=&#8221;no&#8221; type=&#8221;full_width&#8221; angled_section=&#8221;no&#8221; text_align=&#8221;left&#8221; background_image_as_pattern=&#8221;without_pattern&#8221; css_animation=&#8221;&#8221;][vc_column][vc_empty_space][\/vc_column][\/vc_row]<\/p>\n","protected":false},"excerpt":{"rendered":"<p>[vc_row row_type=&#8221;row&#8221; use_row_as_full_screen_section=&#8221;no&#8221; type=&#8221;full_width&#8221; angled_section=&#8221;no&#8221; text_align=&#8221;left&#8221; background_image_as_pattern=&#8221;without_pattern&#8221; css_animation=&#8221;&#8221;][vc_column width=&#8221;1\/3&#8243;][vc_column_text] Modulo Acquisti [\/vc_column_text][vc_separator type=&#8221;small&#8221; position=&#8221;left&#8221;][vc_column_text] Se sei una tessitura, filatura, confezionista, maglificio e hai del tessuto da rimasto che non riesci pi\u00f9 ad utilizzare, siamo disponibili&#8230;<\/p>\n","protected":false},"author":2,"featured_media":0,"parent":0,"menu_order":0,"comment_status":"closed","ping_status":"closed","template":"","meta":{"footnotes":""},"class_list":["post-15869","page","type-page","status-publish","hentry"],"_links":{"self":[{"href":"https:\/\/iannytextile.com\/it\/wp-json\/wp\/v2\/pages\/15869","targetHints":{"allow":["GET"]}}],"collection":[{"href":"https:\/\/iannytextile.com\/it\/wp-json\/wp\/v2\/pages"}],"about":[{"href":"https:\/\/iannytextile.com\/it\/wp-json\/wp\/v2\/types\/page"}],"author":[{"embeddable":true,"href":"https:\/\/iannytextile.com\/it\/wp-json\/wp\/v2\/users\/2"}],"replies":[{"embeddable":true,"href":"https:\/\/iannytextile.com\/it\/wp-json\/wp\/v2\/comments?post=15869"}],"version-history":[{"count":2,"href":"https:\/\/iannytextile.com\/it\/wp-json\/wp\/v2\/pages\/15869\/revisions"}],"predecessor-version":[{"id":15985,"href":"https:\/\/iannytextile.com\/it\/wp-json\/wp\/v2\/pages\/15869\/revisions\/15985"}],"wp:attachment":[{"href":"https:\/\/iannytextile.com\/it\/wp-json\/wp\/v2\/media?parent=15869"}],"curies":[{"name":"wp","href":"https:\/\/api.w.org\/{rel}","templated":true}]}}